{"id":4096,"date":"2020-04-07T17:19:44","date_gmt":"2020-04-07T17:19:44","guid":{"rendered":"https:\/\/vildana-foundation.ch\/?page_id=4096"},"modified":"2025-09-30T18:06:18","modified_gmt":"2025-09-30T18:06:18","slug":"kontribuimi","status":"publish","type":"page","link":"https:\/\/vildana-foundation.ch\/?page_id=4096&lang=sq","title":{"rendered":"Kontribuimi"},"content":{"rendered":"\n<style type=\"text\/css\" data-created_by=\"avia_inline_auto\" id=\"style-css-av-3k325w-2e342dddbedb1e24bab81b0728eb087e\">\n.flex_column.av-3k325w-2e342dddbedb1e24bab81b0728eb087e{\nborder-radius:0px 0px 0px 0px;\npadding:0px 0px 0px 0px;\n}\n<\/style>\n<div  class='flex_column av-3k325w-2e342dddbedb1e24bab81b0728eb087e av_one_full  avia-builder-el-0  el_before_av_one_full  avia-builder-el-first  first flex_column_div av-zero-column-padding  '     ><style type=\"text\/css\" data-created_by=\"avia_inline_auto\" id=\"style-css-av-25fxg4-a49776db38449b0a9b03614bc48d2b50\">\n#top .av-special-heading.av-25fxg4-a49776db38449b0a9b03614bc48d2b50{\npadding-bottom:10px;\n}\nbody .av-special-heading.av-25fxg4-a49776db38449b0a9b03614bc48d2b50 .av-special-heading-tag .heading-char{\nfont-size:25px;\n}\n.av-special-heading.av-25fxg4-a49776db38449b0a9b03614bc48d2b50 .av-subheading{\nfont-size:15px;\n}\n<\/style>\n<div  class='av-special-heading av-25fxg4-a49776db38449b0a9b03614bc48d2b50 av-special-heading-h2  avia-builder-el-1  avia-builder-el-no-sibling '><h2 class='av-special-heading-tag '  itemprop=\"headline\"  >A d\u00ebshironi t\u00eb kontribuoni?<\/h2><div class=\"special-heading-border\"><div class=\"special-heading-inner-border\"><\/div><\/div><\/div><\/div>\n\n<style type=\"text\/css\" data-created_by=\"avia_inline_auto\" id=\"style-css-av-4fjthg-9942afef77e9af7dd830e7863368f391\">\n.flex_column.av-4fjthg-9942afef77e9af7dd830e7863368f391{\nborder-radius:0px 0px 0px 0px;\npadding:0px 0px 0px 0px;\n}\n<\/style>\n<div  class='flex_column av-4fjthg-9942afef77e9af7dd830e7863368f391 av_one_full  avia-builder-el-2  el_after_av_one_full  el_before_av_hr  first flex_column_div av-zero-column-padding  column-top-margin'     ><section  class='av_textblock_section av-k8xjr65v-45ca7ceedf620e6f9d132ce90eac2c6a '   itemscope=\"itemscope\" itemtype=\"https:\/\/schema.org\/CreativeWork\" ><div class='avia_textblock'  itemprop=\"text\" ><p>D\u00ebshironi t\u00eb b\u00ebheni pjes\u00eb e k\u00ebsaj historie suksesi dhe t\u00eb investoni n\u00eb t\u00eb ardhmen e student\u00ebve premtues?<\/p>\n<p>Qoft\u00eb p\u00ebrmes mb\u00ebshtetjes financiare ose p\u00ebrmes partneritetit (si\u00e7 \u00ebsht\u00eb mentorimi), ju mund t\u00eb jepni kontributin tuaj n\u00eb gjenerat\u00ebn e orientuar drejt arsimit.<\/p>\n<p><strong>Mb\u00ebshtetja juaj financiare do t\u00eb p\u00ebrdoret ekskluzivisht p\u00ebr q\u00ebllimet e studimit t\u00eb studentit,<\/strong><br \/>\n<strong>t\u00eb tilla si: kostot e semestrit, literatura, banimi, udh\u00ebtimi, ushqimi, hulumtimet etj.<\/strong><\/p>\n<\/div><\/section><\/div><div  class='hr av-2fdv90-ca4c1386574a538d1a9886ccab2afa93 hr-default  avia-builder-el-4  el_after_av_one_full  el_before_av_textblock '><span class='hr-inner '><span class=\"hr-inner-style\"><\/span><\/span><\/div><\/p>\n<section  class='av_textblock_section av-k8hqoj6e-2b68821e28f6d6cd4d98968607f28b64 '   itemscope=\"itemscope\" itemtype=\"https:\/\/schema.org\/CreativeWork\" ><div class='avia_textblock'  itemprop=\"text\" ><div class=\"wpforms-container wpforms-container-full\" id=\"wpforms-4062\"><form id=\"wpforms-form-4062\" class=\"wpforms-validate wpforms-form wpforms-ajax-form\" data-formid=\"4062\" method=\"post\" enctype=\"multipart\/form-data\" action=\"\/index.php?rest_route=%2Fwp%2Fv2%2Fpages%2F4096\" data-token=\"aae99f1f599740703aa7dadc11cc6567\" data-token-time=\"1777641208\"><noscript class=\"wpforms-error-noscript\">Bitte aktiviere JavaScript in deinem Browser, um dieses Formular fertigzustellen.<\/noscript><div class=\"wpforms-field-container\"><div id=\"wpforms-4062-field_12-container\" class=\"wpforms-field wpforms-field-radio wpforms-conditional-trigger\" data-field-id=\"12\"><label class=\"wpforms-field-label\">M\u00ebnyra e kontribuimit <span class=\"wpforms-required-label\">*<\/span><\/label><ul id=\"wpforms-4062-field_12\" class=\"wpforms-field-required\"><li class=\"choice-1 depth-1\"><input type=\"radio\" id=\"wpforms-4062-field_12_1\" name=\"wpforms[fields][12]\" value=\"Financiare\" required ><label class=\"wpforms-field-label-inline\" for=\"wpforms-4062-field_12_1\">Financiare<\/label><\/li><li class=\"choice-2 depth-1\"><input type=\"radio\" id=\"wpforms-4062-field_12_2\" name=\"wpforms[fields][12]\" value=\"Tjet\u00ebr\" required ><label class=\"wpforms-field-label-inline\" for=\"wpforms-4062-field_12_2\">Tjet\u00ebr<\/label><\/li><\/ul><\/div><div id=\"wpforms-4062-field_0-container\" class=\"wpforms-field wpforms-field-name\" data-field-id=\"0\"><label class=\"wpforms-field-label\">Emri <span class=\"wpforms-required-label\">*<\/span><\/label><div class=\"wpforms-field-row wpforms-field-medium\"><div class=\"wpforms-field-row-block wpforms-first wpforms-one-half\"><input type=\"text\" id=\"wpforms-4062-field_0\" class=\"wpforms-field-name-first wpforms-field-required\" name=\"wpforms[fields][0][first]\" required><label for=\"wpforms-4062-field_0\" class=\"wpforms-field-sublabel after\">Vorname<\/label><\/div><div class=\"wpforms-field-row-block wpforms-one-half\"><input type=\"text\" id=\"wpforms-4062-field_0-last\" class=\"wpforms-field-name-last wpforms-field-required\" name=\"wpforms[fields][0][last]\" required><label for=\"wpforms-4062-field_0-last\" class=\"wpforms-field-sublabel after\">Nachname<\/label><\/div><\/div><\/div><div id=\"wpforms-4062-field_1-container\" class=\"wpforms-field wpforms-field-email\" data-field-id=\"1\"><label class=\"wpforms-field-label\" for=\"wpforms-4062-field_1\">Email <span class=\"wpforms-required-label\">*<\/span><\/label><input type=\"email\" id=\"wpforms-4062-field_1\" class=\"wpforms-field-medium wpforms-field-required\" name=\"wpforms[fields][1]\" spellcheck=\"false\" required><\/div><div id=\"wpforms-4062-field_4-container\" class=\"wpforms-field wpforms-field-phone\" data-field-id=\"4\"><label class=\"wpforms-field-label\" for=\"wpforms-4062-field_4\">Telefoni<\/label><input type=\"tel\" id=\"wpforms-4062-field_4\" class=\"wpforms-field-medium\" data-rule-int-phone-field=\"true\" name=\"wpforms[fields][4]\" aria-label=\"Telefoni\" ><\/div><div id=\"wpforms-4062-field_2-container\" class=\"wpforms-field wpforms-field-textarea\" data-field-id=\"2\"><label class=\"wpforms-field-label\" for=\"wpforms-4062-field_2\">Koment ose mesazh <span class=\"wpforms-required-label\">*<\/span><\/label><textarea id=\"wpforms-4062-field_2\" class=\"wpforms-field-medium wpforms-field-required\" name=\"wpforms[fields][2]\" required><\/textarea><\/div><div id=\"wpforms-4062-field_14-container\" class=\"wpforms-field wpforms-field-html wpforms-conditional-field wpforms-conditional-show\" data-field-id=\"14\" style=\"display:none;\"><div id=\"wpforms-4062-field_14\"><b style=\"text-decoration:underline;\">Informacion bankar:<\/b>\r\n\r\n<ul>\r\n<li>Emri i llogarise: VILDANA-Foundation\r\n<\/li><li>Numri i llogaris\u00eb: 15-646575-0\r\n<\/li><li>IBAN: CH46 0900 0000 1564 6575 0 \r\n<\/li><li>BIC: POFICHBEXXX\r\n<\/li><\/ul><\/div><\/div><\/div><!-- .wpforms-field-container --><div class=\"wpforms-field wpforms-field-hp\"><label for=\"wpforms-4062-field-hp\" class=\"wpforms-field-label\">Comment<\/label><input type=\"text\" name=\"wpforms[hp]\" id=\"wpforms-4062-field-hp\" class=\"wpforms-field-medium\"><\/div><div class=\"wpforms-recaptcha-container wpforms-is-recaptcha wpforms-is-recaptcha-type-v2\" ><div class=\"g-recaptcha\" data-sitekey=\"6LewyeEUAAAAACtvZ5nHREngrOLyaprvR5pWPRwD\"><\/div><input type=\"text\" name=\"g-recaptcha-hidden\" class=\"wpforms-recaptcha-hidden\" style=\"position:absolute!important;clip:rect(0,0,0,0)!important;height:1px!important;width:1px!important;border:0!important;overflow:hidden!important;padding:0!important;margin:0!important;\" data-rule-recaptcha=\"1\"><\/div><div class=\"wpforms-submit-container\" ><input type=\"hidden\" name=\"wpforms[id]\" value=\"4062\"><input type=\"hidden\" name=\"page_title\" value=\"\"><input type=\"hidden\" name=\"page_url\" value=\"https:\/\/vildana-foundation.ch\/index.php?rest_route=\/wp\/v2\/pages\/4096\"><input type=\"hidden\" name=\"url_referer\" value=\"\"><button type=\"submit\" name=\"wpforms[submit]\" id=\"wpforms-submit-4062\" class=\"wpforms-submit\" data-alt-text=\"D\u00ebrgu...\" data-submit-text=\"D\u00ebrgoj\" aria-live=\"assertive\" value=\"wpforms-submit\">D\u00ebrgoj<\/button><img loading=\"lazy\" decoding=\"async\" src=\"https:\/\/vildana-foundation.ch\/wordpress\/wp-content\/plugins\/wpforms\/assets\/images\/submit-spin.svg\" class=\"wpforms-submit-spinner\" style=\"display: none;\" width=\"26\" height=\"26\" alt=\"Wird geladen\"><\/div><\/form><\/div>  <!-- .wpforms-container -->\n<\/div><\/section>\n","protected":false},"excerpt":{"rendered":"","protected":false},"author":2,"featured_media":0,"parent":0,"menu_order":3,"comment_status":"closed","ping_status":"closed","template":"","meta":{"footnotes":""},"class_list":["post-4096","page","type-page","status-publish","hentry"],"_links":{"self":[{"href":"https:\/\/vildana-foundation.ch\/index.php?rest_route=\/wp\/v2\/pages\/4096","targetHints":{"allow":["GET"]}}],"collection":[{"href":"https:\/\/vildana-foundation.ch\/index.php?rest_route=\/wp\/v2\/pages"}],"about":[{"href":"https:\/\/vildana-foundation.ch\/index.php?rest_route=\/wp\/v2\/types\/page"}],"author":[{"embeddable":true,"href":"https:\/\/vildana-foundation.ch\/index.php?rest_route=\/wp\/v2\/users\/2"}],"replies":[{"embeddable":true,"href":"https:\/\/vildana-foundation.ch\/index.php?rest_route=%2Fwp%2Fv2%2Fcomments&post=4096"}],"version-history":[{"count":22,"href":"https:\/\/vildana-foundation.ch\/index.php?rest_route=\/wp\/v2\/pages\/4096\/revisions"}],"predecessor-version":[{"id":5601,"href":"https:\/\/vildana-foundation.ch\/index.php?rest_route=\/wp\/v2\/pages\/4096\/revisions\/5601"}],"wp:attachment":[{"href":"https:\/\/vildana-foundation.ch\/index.php?rest_route=%2Fwp%2Fv2%2Fmedia&parent=4096"}],"curies":[{"name":"wp","href":"https:\/\/api.w.org\/{rel}","templated":true}]}}