{"id":4879,"date":"2021-01-25T19:15:03","date_gmt":"2021-01-25T19:15:03","guid":{"rendered":"https:\/\/vildana-foundation.ch\/?page_id=4879"},"modified":"2021-09-14T18:28:59","modified_gmt":"2021-09-14T18:28:59","slug":"news-room","status":"publish","type":"page","link":"https:\/\/vildana-foundation.ch\/?page_id=4879","title":{"rendered":"News Room"},"content":{"rendered":"<section  class='av_textblock_section av-kj969k9p-f8308cba6059c0bf55e9e15eecb8b677 '   itemscope=\"itemscope\" itemtype=\"https:\/\/schema.org\/CreativeWork\" ><div class='avia_textblock'  itemprop=\"text\" ><h2>News Room<\/h2>\n<\/div><\/section>\n<div  class='avia-content-slider-element-container av-ktke2rop-53daccac39267e3baaad7ed3d00fd988 avia-content-slider-element-slider avia-content-slider avia-smallarrow-slider avia-content-slider-active avia-content-slider-odd  avia-builder-el-1  el_after_av_textblock  el_before_av_one_full  av-slideshow-ui av-control-default av-nav-arrows-visible av-nav-dots-visible av-no-slider-navigation av-slideshow-manual av-loop-once av-loop-manual-endless avia-content-slider1' data-slideshow-options=\"{&quot;animation&quot;:&quot;slide&quot;,&quot;autoplay&quot;:false,&quot;loop_autoplay&quot;:&quot;once&quot;,&quot;interval&quot;:5,&quot;loop_manual&quot;:&quot;manual-endless&quot;,&quot;autoplay_stopper&quot;:false,&quot;noNavigation&quot;:false,&quot;bg_slider&quot;:false,&quot;keep_padding&quot;:&quot;&quot;,&quot;hoverpause&quot;:false,&quot;show_slide_delay&quot;:30}\"><div class='avia-smallarrow-slider-heading  no-content-slider-heading '><div class='new-special-heading'>&nbsp;<\/div><div class='avia-slideshow-arrows avia-slideshow-controls' ><a href='#prev' class='prev-slide  avia-svg-icon avia-font-svg_entypo-fontello' data-av_svg_icon='left-open-big' data-av_iconset='svg_entypo-fontello' tabindex='-1' title=\"Zur\u00fcck\"><svg version=\"1.1\" xmlns=\"http:\/\/www.w3.org\/2000\/svg\" width=\"15\" height=\"32\" viewBox=\"0 0 15 32\" preserveAspectRatio=\"xMidYMid meet\" aria-labelledby='av-svg-title-1' aria-describedby='av-svg-desc-1' role=\"graphics-symbol\" aria-hidden=\"true\">\n<title id='av-svg-title-1'>Zur\u00fcck<\/title>\n<desc id='av-svg-desc-1'>Zur\u00fcck<\/desc>\n<path d=\"M14.464 27.84q0.832 0.832 0 1.536-0.832 0.832-1.536 0l-12.544-12.608q-0.768-0.768 0-1.6l12.544-12.608q0.704-0.832 1.536 0 0.832 0.704 0 1.536l-11.456 11.904z\"><\/path>\n<\/svg><span class='avia_hidden_link_text'>Zur\u00fcck<\/span><\/a><a href='#next' class='next-slide  avia-svg-icon avia-font-svg_entypo-fontello' data-av_svg_icon='right-open-big' data-av_iconset='svg_entypo-fontello' tabindex='-1' title=\"Weiter\"><svg version=\"1.1\" xmlns=\"http:\/\/www.w3.org\/2000\/svg\" width=\"15\" height=\"32\" viewBox=\"0 0 15 32\" preserveAspectRatio=\"xMidYMid meet\" aria-labelledby='av-svg-title-2' aria-describedby='av-svg-desc-2' role=\"graphics-symbol\" aria-hidden=\"true\">\n<title id='av-svg-title-2'>Weiter<\/title>\n<desc id='av-svg-desc-2'>Weiter<\/desc>\n<path d=\"M0.416 27.84l11.456-11.84-11.456-11.904q-0.832-0.832 0-1.536 0.832-0.832 1.536 0l12.544 12.608q0.768 0.832 0 1.6l-12.544 12.608q-0.704 0.832-1.536 0-0.832-0.704 0-1.536z\"><\/path>\n<\/svg><span class='avia_hidden_link_text'>Weiter<\/span><\/a><\/div><\/div><div class=\"avia-content-slider-inner\"><div class=\"slide-entry-wrap\"><section class='slide-entry av-6grazz-2db43d6b4661d358a50414cbacede5d0 flex_column av_fullwidth post-entry slide-entry-overview slide-loop-1 slide-parity-odd  first'  itemscope=\"itemscope\" itemtype=\"https:\/\/schema.org\/CreativeWork\" ><h3 class='slide-entry-title entry-title '  itemprop=\"headline\" >Wir sind live VILDANA-Foundation<\/h3><div class='slide-entry-excerpt entry-content'  itemprop=\"text\" ><p><img loading=\"lazy\" decoding=\"async\" class=\"alignnone size-medium wp-image-4991\" src=\"https:\/\/vildana-foundation.ch\/wordpress\/wp-content\/uploads\/2021\/01\/GoLive-image_1-300x251.png\" alt=\"\" width=\"300\" height=\"251\" srcset=\"https:\/\/vildana-foundation.ch\/wordpress\/wp-content\/uploads\/2021\/01\/GoLive-image_1-300x251.png 300w, https:\/\/vildana-foundation.ch\/wordpress\/wp-content\/uploads\/2021\/01\/GoLive-image_1-768x644.png 768w, https:\/\/vildana-foundation.ch\/wordpress\/wp-content\/uploads\/2021\/01\/GoLive-image_1-705x591.png 705w, https:\/\/vildana-foundation.ch\/wordpress\/wp-content\/uploads\/2021\/01\/GoLive-image_1.png 940w\" sizes=\"auto, (max-width: 300px) 100vw, 300px\" \/><\/p>\n<p>Am 18.01.2021 wurde in der Schweiz die Gr\u00fcndung der VILDANA-Foundation mit Domizil in Neuenhof AG und der Registriernummer CH-400.7.448.634-5 offiziell.<\/p>\n<p>Diese Stiftung wurde Vildana genannt, einer ehrgeizigen jungen Frau, die aus einer aus dem Kosovo stammenden Familie und in St. Gallen aufgewachsen, durch ihren humanit\u00e4ren Charakter bekannt war f\u00fcr ihren famili\u00e4ren und sozialen Beitrag, indem sie Studierende bei ihrer Ausbildung finanziell unterst\u00fctze. Vildana verstarb im jungen Alter von 30 Jahren, aber ihr Wille und ihre Bem\u00fchungen, humanit\u00e4re Hilfe zu leisten, ist tief in der Vision und dem Zweck der Stiftung verwurzelt. Mit diesen Werten wurde die VILDANA-Foundation im Jahr 2021 von ihren Familieangeh\u00f6rigen und deren Freunden gegr\u00fcndet.<\/p>\n<p><a href=\"https:\/\/vildana-foundation.ch\/?page_id=5010&#038;lang=de\" target=\"_blank\" rel=\"noopener\"><span style=\"color: #3366ff;\"><strong>Mehr erfahren&#8230;<\/strong><\/span><\/a><\/p>\n<\/div><\/section><\/div><div class=\"slide-entry-wrap\"><section class='slide-entry av-4pzkov-ba0090d881a97e61f67545278ae7554d flex_column av_fullwidth post-entry slide-entry-overview slide-loop-2 slide-parity-odd  post-entry-last  first'  itemscope=\"itemscope\" itemtype=\"https:\/\/schema.org\/CreativeWork\" ><h3 class='slide-entry-title entry-title '  itemprop=\"headline\" >Buch Publikation: Die kulturlose Gesellschaft<\/h3><div class='slide-entry-excerpt entry-content'  itemprop=\"text\" ><p><img loading=\"lazy\" decoding=\"async\" class=\"alignnone wp-image-5308\" src=\"https:\/\/vildana-foundation.ch\/wordpress\/wp-content\/uploads\/2021\/09\/FOTO-Libri-276x300.jpg\" alt=\"\" width=\"239\" height=\"260\" \/><\/p>\n<p>VILDANA-Foundation als vielversprechende Initiative, die ihren Beitrag zum zwingend ben\u00f6tigten Fortschritt als auch zur Entwicklung und F\u00f6rderung von Talenten leistet.<\/p>\n<p>Labinot Kunushevci ver\u00f6ffentlichte vor kurzem das Buch &#8222;Die kulturlose Gesellschaft&#8220;. Darin betrachtet er die kosovarische Gesellschaft im Lichte einer kritischen Realit\u00e4t und damit ein Thema von hoher Aktualit\u00e4t. Ver\u00f6ffentlicht wurde es durch den &#8222;Artini&#8220; Verlag in Prishtina. Das Buch hat 327 Seiten, f\u00fcnf Kapitel und wurde von Professor Ibrahim Berisha rezensiert. Der Verleger des Buches ist Deme Topalli und die professionell umgesetzten Illustrationen stammen von Arsim Murseli.<\/p>\n<p><a href=\"https:\/\/vildana-foundation.ch\/?page_id=5319\" target=\"_blank\" rel=\"noopener\"><strong>Mehr erfahren&#8230;<\/strong><\/a><\/p>\n<\/div><\/section><\/div><\/div><\/div>\n\n<style type=\"text\/css\" data-created_by=\"avia_inline_auto\" id=\"style-css-av-7mcfgt-a23dfae84a5190990daf7d8425f1141e\">\n.flex_column.av-7mcfgt-a23dfae84a5190990daf7d8425f1141e{\nborder-radius:0px 0px 0px 0px;\npadding:0px 0px 0px 0px;\n}\n<\/style>\n<div  class='flex_column av-7mcfgt-a23dfae84a5190990daf7d8425f1141e av_one_full  avia-builder-el-2  el_after_av_content_slider  el_before_av_one_full  first flex_column_div av-zero-column-padding  '     ><\/div>\n\n<style type=\"text\/css\" data-created_by=\"avia_inline_auto\" id=\"style-css-av-5fnzvh-dcccfcdbe8a5edc3665a8e692fc1c8c2\">\n.flex_column.av-5fnzvh-dcccfcdbe8a5edc3665a8e692fc1c8c2{\nborder-radius:0px 0px 0px 0px;\npadding:0px 0px 0px 0px;\n}\n<\/style>\n<div  class='flex_column av-5fnzvh-dcccfcdbe8a5edc3665a8e692fc1c8c2 av_one_full  avia-builder-el-3  el_after_av_one_full  el_before_av_one_full  first flex_column_div av-zero-column-padding  column-top-margin'     ><\/div>\n\n<style type=\"text\/css\" data-created_by=\"avia_inline_auto\" id=\"style-css-av-46s4kt-ede54dbb6175c9abd9070031e293057e\">\n.flex_column.av-46s4kt-ede54dbb6175c9abd9070031e293057e{\nborder-radius:0px 0px 0px 0px;\npadding:0px 0px 0px 0px;\n}\n<\/style>\n<div  class='flex_column av-46s4kt-ede54dbb6175c9abd9070031e293057e av_one_full  avia-builder-el-4  el_after_av_one_full  el_before_av_one_full  first flex_column_div av-zero-column-padding  column-top-margin'     ><\/div>\n\n<style type=\"text\/css\" data-created_by=\"avia_inline_auto\" id=\"style-css-av-2y89dp-e4c6dc85daf259251172cc7ee90546ad\">\n.flex_column.av-2y89dp-e4c6dc85daf259251172cc7ee90546ad{\nborder-radius:0px 0px 0px 0px;\npadding:0px 0px 0px 0px;\n}\n<\/style>\n<div  class='flex_column av-2y89dp-e4c6dc85daf259251172cc7ee90546ad av_one_full  avia-builder-el-5  el_after_av_one_full  el_before_av_one_full  first flex_column_div av-zero-column-padding  column-top-margin'     ><\/div>\n<div  class='flex_column av-27ewfj-b6f339bc68c7d7f14952cd3a364beadc av_one_full  avia-builder-el-6  el_after_av_one_full  avia-builder-el-last  first flex_column_div  column-top-margin'     ><\/div>\n","protected":false},"excerpt":{"rendered":"","protected":false},"author":2,"featured_media":0,"parent":0,"menu_order":0,"comment_status":"closed","ping_status":"closed","template":"","meta":{"footnotes":""},"class_list":["post-4879","page","type-page","status-publish","hentry"],"_links":{"self":[{"href":"https:\/\/vildana-foundation.ch\/index.php?rest_route=\/wp\/v2\/pages\/4879","targetHints":{"allow":["GET"]}}],"collection":[{"href":"https:\/\/vildana-foundation.ch\/index.php?rest_route=\/wp\/v2\/pages"}],"about":[{"href":"https:\/\/vildana-foundation.ch\/index.php?rest_route=\/wp\/v2\/types\/page"}],"author":[{"embeddable":true,"href":"https:\/\/vildana-foundation.ch\/index.php?rest_route=\/wp\/v2\/users\/2"}],"replies":[{"embeddable":true,"href":"https:\/\/vildana-foundation.ch\/index.php?rest_route=%2Fwp%2Fv2%2Fcomments&post=4879"}],"version-history":[{"count":37,"href":"https:\/\/vildana-foundation.ch\/index.php?rest_route=\/wp\/v2\/pages\/4879\/revisions"}],"predecessor-version":[{"id":5373,"href":"https:\/\/vildana-foundation.ch\/index.php?rest_route=\/wp\/v2\/pages\/4879\/revisions\/5373"}],"wp:attachment":[{"href":"https:\/\/vildana-foundation.ch\/index.php?rest_route=%2Fwp%2Fv2%2Fmedia&parent=4879"}],"curies":[{"name":"wp","href":"https:\/\/api.w.org\/{rel}","templated":true}]}}