{"id":5010,"date":"2021-01-26T11:38:27","date_gmt":"2021-01-26T11:38:27","guid":{"rendered":"https:\/\/vildana-foundation.ch\/?page_id=5010"},"modified":"2021-09-14T17:52:25","modified_gmt":"2021-09-14T17:52:25","slug":"wir-sind-live-vildana-foundation","status":"publish","type":"page","link":"https:\/\/vildana-foundation.ch\/?page_id=5010","title":{"rendered":"Wir sind live VILDANA-Foundation"},"content":{"rendered":"\n<style type=\"text\/css\" data-created_by=\"avia_inline_auto\" id=\"style-css-av-1zqu9e-152144b4cfbe4770f0c2fcbe97680e27\">\n#top .av-special-heading.av-1zqu9e-152144b4cfbe4770f0c2fcbe97680e27{\npadding-bottom:10px;\n}\nbody .av-special-heading.av-1zqu9e-152144b4cfbe4770f0c2fcbe97680e27 .av-special-heading-tag .heading-char{\nfont-size:25px;\n}\n.av-special-heading.av-1zqu9e-152144b4cfbe4770f0c2fcbe97680e27 .av-subheading{\nfont-size:15px;\n}\n<\/style>\n<div  class='av-special-heading av-1zqu9e-152144b4cfbe4770f0c2fcbe97680e27 av-special-heading-h3  avia-builder-el-0  el_before_av_image  avia-builder-el-first '><h3 class='av-special-heading-tag '  itemprop=\"headline\"  >Gr\u00fcndung der VILDANA-Foundation \u2013 Unterst\u00fctzung der Studierenden in den albanischsprachigen Regionen<\/h3><div class=\"special-heading-border\"><div class=\"special-heading-inner-border\"><\/div><\/div><\/div>\n\n<style type=\"text\/css\" data-created_by=\"avia_inline_auto\" id=\"style-css-av-kkczclor-77e7f5a9f7b1bc7ea1d6848594c77119\">\n.avia-image-container.av-kkczclor-77e7f5a9f7b1bc7ea1d6848594c77119 img.avia_image{\nbox-shadow:none;\n}\n.avia-image-container.av-kkczclor-77e7f5a9f7b1bc7ea1d6848594c77119 .av-image-caption-overlay-center{\ncolor:#ffffff;\n}\n<\/style>\n<div  class='avia-image-container av-kkczclor-77e7f5a9f7b1bc7ea1d6848594c77119 av-styling- avia-align-left  avia-builder-el-1  el_after_av_heading  el_before_av_hr '   itemprop=\"image\" itemscope=\"itemscope\" itemtype=\"https:\/\/schema.org\/ImageObject\" ><div class=\"avia-image-container-inner\"><div class=\"avia-image-overlay-wrap\"><img decoding=\"async\" fetchpriority=\"high\" class='wp-image-4991 avia-img-lazy-loading-not-4991 avia_image ' src=\"https:\/\/vildana-foundation.ch\/wordpress\/wp-content\/uploads\/2021\/01\/GoLive-image_1-300x251.png\" alt='' title='GoLive image_1'  height=\"251\" width=\"300\"  itemprop=\"thumbnailUrl\" srcset=\"https:\/\/vildana-foundation.ch\/wordpress\/wp-content\/uploads\/2021\/01\/GoLive-image_1-300x251.png 300w, https:\/\/vildana-foundation.ch\/wordpress\/wp-content\/uploads\/2021\/01\/GoLive-image_1-768x644.png 768w, https:\/\/vildana-foundation.ch\/wordpress\/wp-content\/uploads\/2021\/01\/GoLive-image_1-705x591.png 705w, https:\/\/vildana-foundation.ch\/wordpress\/wp-content\/uploads\/2021\/01\/GoLive-image_1.png 940w\" sizes=\"(max-width: 300px) 100vw, 300px\" \/><\/div><\/div><\/div>\n<div  class='hr av-areoc-2b15988d8ec368cfe945794a1e5e9b9b hr-default  avia-builder-el-2  el_after_av_image  el_before_av_textblock '><span class='hr-inner '><span class=\"hr-inner-style\"><\/span><\/span><\/div>\n<section  class='av_textblock_section av-kkcym5sb-02d13842bb282cebb2998535ecec2d9f '   itemscope=\"itemscope\" itemtype=\"https:\/\/schema.org\/CreativeWork\" ><div class='avia_textblock'  itemprop=\"text\" ><p><u>Inspiration der Stiftung:<\/u><\/p>\n<p>Am 18.01.2021 wurde die Gr\u00fcndung der VILDANA-Stiftung mit Sitz in Neuenhof AG &#8211; Schweiz und der Handelsregister-Nummer CH-400.7.448.634-5 offiziell registriert.<\/p>\n<p>Diese Stiftung ist benannt nach Vildana, einer ehrgeizigen jungen Frau kosovarischer Herkunft, die in St. Gallen aufgewachsen ist und bekannt war f\u00fcr ihren humanit\u00e4ren Charakter. Sie unterst\u00fctze Familie und sorgte sich gleichzeitig f\u00fcr einen sozialen Beitrag f\u00fcr Studenten, indem sie sie mit finanziellen Mitteln w\u00e4hrend ihrer Ausbildung unterst\u00fctzte. Vildana verstarb im jungen Alter von 30 Jahren, doch ihr Wille und ihr Bem\u00fchen, humanit\u00e4re Hilfe zu leisten, sind tief in der Vision und dem Zweck der Stiftung verwurzelt. Mit diesen Werten wurde die VILDANA-Stiftung im Jahr 2021 von ihren Familienmitgliedern und Freunden gegr\u00fcndet.<\/p>\n<p>Das Ziel der Stiftung ist die Vergabe von Stipendien an talentierte Studenten im albanischsprachigen Raum (insbesondere im Kosovo, Albanien und Nordmazedonien). Die Stiftung will finanzielle Unterst\u00fctzung durch die \u00dcbernahme von Studiengeb\u00fchren und die F\u00f6rderung von Studenten von Bildungseinrichtungen unabh\u00e4ngig von Alter, Qualifikation, religi\u00f6sem und\/oder kulturellem Hintergrund in den oben genannten Regionen leisten.<\/p>\n<p>Um sicherzustellen, dass talentierte Studenten ihr Studium nicht aufgrund finanzieller Schwierigkeiten abbrechen und sich voll und ganz auf ihr Studium, ihre Ambitionen und Visionen konzentrieren k\u00f6nnen, setzt sich die VILDANA-Stiftung f\u00fcr die Unterst\u00fctzung von Studenten mit finanziellen Schwierigkeiten ein.<\/p>\n<p><u>Ambitionen der VILDANA-Foundation: <\/u><\/p>\n<p>Die Stiftung hat sich zum Ziel gesetzt, talentierte, kreative und ehrgeizige Studenten mit vielf\u00e4ltigen F\u00e4higkeiten zu unterst\u00fctzen, die die Welt ver\u00e4ndern, die Gesellschaft positiv beeinflussen, sich weiterentwickeln und sich f\u00fcr b\u00fcrgerliche Werte einsetzen wollen.<\/p>\n<p>Die offizielle Website der Stiftung wurde in drei Sprachen ver\u00f6ffentlicht: Albanisch, Englisch und Deutsch: www.vildana-foundation.ch. Sie enth\u00e4lt Informationen \u00fcber die Ziele der Stiftung, die Vision, die Mitglieder sowie Anleitungen und M\u00f6glichkeiten, sich f\u00fcr ein Stipendium zu bewerben oder durch definierte Kriterien und Verfahren zu spenden, wobei das Interesse und der Beitrag eines jeden willkommen ist.<\/p>\n<p>Die VILDANA Stiftung wird talentierte Studenten aus verschiedenen Bereichen unterst\u00fctzen, die sehr hohe Fortschritte und Leistungen zeigen und versprechen, einen Beitrag zur Gesellschaft zu leisten. Kreativit\u00e4t, Innovation, Ehrgeiz, Vision, Disziplin, Aufrichtigkeit, Energie, Entschlossenheit, Engagement, Willenskraft, Berufsethik und studentische Ideen brauchen eine Stimme, die ihnen hilft, eine w\u00fcrdige Perspektive zu schaffen, die ihnen hilft, sich in den Arbeitsmarkt zu integrieren. Diese Stimme vertritt die VILDANA Stiftung, die mit dem humanit\u00e4ren Geist einer Diaspora-Gruppe aus der Schweiz gegr\u00fcndet wurde.<\/p>\n<p><u>\u00dcber die Stiftung<\/u><\/p>\n<p>Die VILDANA-Stiftung mit dem Stiftungsratspr\u00e4sidenten Driton Thaqi ist im Schweizer Handelsregister eingetragen und hat in ihrer Struktur und ihrem Vorstand Fachleute aus verschiedenen Bereichen, die in der Schweiz leben und arbeiten, die die gemeinn\u00fctzige Stiftung ehrenamtlich gegr\u00fcndet haben und unentgeltlich f\u00fchren. Die folgenden Stiftungsr\u00e4te sind im Handelsregister eingetragen: Biqkaj Irfan, Bunjaku Naser, Bushi Liman, Dullovi Nusret, Dullovi Agron, Kadolli Brahim, Kajtazi Tefik, Krasniqi Ragip, Krasniqi Shkelzen, Kunushevci Labinot, Latifi Besim, Muharemi Remzi, Robeli Lulzim, Rogaqi Mendu, Sejdiji Merdzan, Thaqi Driton, Thaqi Jeton, Thaqi Naim, Thaqi Shpend, Usejni Albion, Zeqiri Blerim, Zeqiri Urim. Die Stiftung arbeitet mit dem Koordinator und professionellen Vertreter Labinot Kunushevci im Kosovo, Albanien und Nordmazedonien.<\/p>\n<p><u>Motto der Stiftung:<\/u><\/p>\n<p>Das Motto der VILDANA-Foundation folgt dem Sprichwort des albanischen Schriftstellers Sami Frash\u00ebri:<\/p>\n<p><strong><em>\u201cWenn Du kurzfristig ernten m\u00f6chtest, s\u00e4e Mais und Weizen; langfristig \u00fcber 100 Jahre anhaltende Ernten erreichst Du jedoch nur \u00fcber Bildung und Wissen.&#8220;<\/em><\/strong><\/p>\n<p><em>(Original &#8220;N\u00ebse do t\u00eb mbjell\u00ebsh p\u00ebr nj\u00eb vit, mbill mis\u00ebr e grur\u00eb, n\u00ebse k\u00ebrkon q\u00eb t\u00eb mbjell\u00ebsh p\u00ebr 100 vjet, mbill arsim e kultur\u00eb&#8220;.)<\/em><\/p>\n<\/div><\/section>\n","protected":false},"excerpt":{"rendered":"","protected":false},"author":2,"featured_media":0,"parent":0,"menu_order":0,"comment_status":"closed","ping_status":"closed","template":"","meta":{"footnotes":""},"class_list":["post-5010","page","type-page","status-publish","hentry"],"_links":{"self":[{"href":"https:\/\/vildana-foundation.ch\/index.php?rest_route=\/wp\/v2\/pages\/5010","targetHints":{"allow":["GET"]}}],"collection":[{"href":"https:\/\/vildana-foundation.ch\/index.php?rest_route=\/wp\/v2\/pages"}],"about":[{"href":"https:\/\/vildana-foundation.ch\/index.php?rest_route=\/wp\/v2\/types\/page"}],"author":[{"embeddable":true,"href":"https:\/\/vildana-foundation.ch\/index.php?rest_route=\/wp\/v2\/users\/2"}],"replies":[{"embeddable":true,"href":"https:\/\/vildana-foundation.ch\/index.php?rest_route=%2Fwp%2Fv2%2Fcomments&post=5010"}],"version-history":[{"count":8,"href":"https:\/\/vildana-foundation.ch\/index.php?rest_route=\/wp\/v2\/pages\/5010\/revisions"}],"predecessor-version":[{"id":5318,"href":"https:\/\/vildana-foundation.ch\/index.php?rest_route=\/wp\/v2\/pages\/5010\/revisions\/5318"}],"wp:attachment":[{"href":"https:\/\/vildana-foundation.ch\/index.php?rest_route=%2Fwp%2Fv2%2Fmedia&parent=5010"}],"curies":[{"name":"wp","href":"https:\/\/api.w.org\/{rel}","templated":true}]}}