{"id":5319,"date":"2021-09-14T17:55:15","date_gmt":"2021-09-14T17:55:15","guid":{"rendered":"https:\/\/vildana-foundation.ch\/?page_id=5319"},"modified":"2021-09-14T17:55:55","modified_gmt":"2021-09-14T17:55:55","slug":"5319-2","status":"publish","type":"page","link":"https:\/\/vildana-foundation.ch\/?page_id=5319","title":{"rendered":"Buch Publikation"},"content":{"rendered":"\n<style type=\"text\/css\" data-created_by=\"avia_inline_auto\" id=\"style-css-av-ktkdjiuc-b17e42c82351a7bedd09f8cb9a6820ab\">\n#top .av-special-heading.av-ktkdjiuc-b17e42c82351a7bedd09f8cb9a6820ab{\npadding-bottom:10px;\n}\nbody .av-special-heading.av-ktkdjiuc-b17e42c82351a7bedd09f8cb9a6820ab .av-special-heading-tag .heading-char{\nfont-size:25px;\n}\n.av-special-heading.av-ktkdjiuc-b17e42c82351a7bedd09f8cb9a6820ab .av-subheading{\nfont-size:15px;\n}\n<\/style>\n<div  class='av-special-heading av-ktkdjiuc-b17e42c82351a7bedd09f8cb9a6820ab av-special-heading-h3  avia-builder-el-0  el_before_av_image  avia-builder-el-first '><h3 class='av-special-heading-tag '  itemprop=\"headline\"  >Buch Publikation: Die kulturlose Gesellschaft<\/h3><div class=\"special-heading-border\"><div class=\"special-heading-inner-border\"><\/div><\/div><\/div>\n\n<style type=\"text\/css\" data-created_by=\"avia_inline_auto\" id=\"style-css-av-ktkdjz2h-2fc4a2dd24b848c68829640ec8acbdbf\">\n.avia-image-container.av-ktkdjz2h-2fc4a2dd24b848c68829640ec8acbdbf img.avia_image{\nbox-shadow:none;\n}\n.avia-image-container.av-ktkdjz2h-2fc4a2dd24b848c68829640ec8acbdbf .av-image-caption-overlay-center{\ncolor:#ffffff;\n}\n<\/style>\n<div  class='avia-image-container av-ktkdjz2h-2fc4a2dd24b848c68829640ec8acbdbf av-styling- avia-align-left  avia-builder-el-1  el_after_av_heading  el_before_av_hr '   itemprop=\"image\" itemscope=\"itemscope\" itemtype=\"https:\/\/schema.org\/ImageObject\" ><div class=\"avia-image-container-inner\"><div class=\"avia-image-overlay-wrap\"><img decoding=\"async\" fetchpriority=\"high\" class='wp-image-5308 avia-img-lazy-loading-not-5308 avia_image ' src=\"https:\/\/vildana-foundation.ch\/wordpress\/wp-content\/uploads\/2021\/09\/FOTO-Libri-276x300.jpg\" alt='' title=''  height=\"300\" width=\"276\"  itemprop=\"thumbnailUrl\"  \/><\/div><\/div><\/div>\n<div  class='hr av-2yp7fb-6edd105af4c1045d5a6bdbac2ba4ea62 hr-default  avia-builder-el-2  el_after_av_image  el_before_av_textblock '><span class='hr-inner '><span class=\"hr-inner-style\"><\/span><\/span><\/div>\n<section  class='av_textblock_section av-ktkdl0q5-c246dd85644fef077ddfd0cf45553a67 '   itemscope=\"itemscope\" itemtype=\"https:\/\/schema.org\/CreativeWork\" ><div class='avia_textblock'  itemprop=\"text\" ><p>VILDANA-Foundation als vielversprechende Initiative, die ihren Beitrag zum zwingend ben\u00f6tigten Fortschritt als auch zur Entwicklung und F\u00f6rderung von Talenten leistet.<\/p>\n<p>Labinot Kunushevci ver\u00f6ffentlichte vor kurzem das Buch &#8222;Die kulturlose Gesellschaft&#8220;. Darin betrachtet er die kosovarische Gesellschaft im Lichte einer kritischen Realit\u00e4t und damit ein Thema von hoher Aktualit\u00e4t. Ver\u00f6ffentlicht wurde es durch den &#8222;Artini&#8220; Verlag in Prishtina. Das Buch hat 327 Seiten, f\u00fcnf Kapitel und wurde von Professor Ibrahim Berisha rezensiert. Der Verleger des Buches ist Deme Topalli und die professionell umgesetzten Illustrationen stammen von Arsim Murseli.<\/p>\n<p>Die scharfsinnige soziologische Kritik des Autors ist durchzogen von seinem satirischen Unterton. Sein Buch hat f\u00fcnf Kapitel, beginnend mit den Themen Erziehung und \u00f6ffentliche Kultur, gefolgt von den Fragen nach Identit\u00e4t und dem Konflikt des Kosovo, eine in Vergessenheit geratene Kolonie zu sein. Au\u00dferdem werden die \u00abKitsch Academy\u00bb und die Universit\u00e4ten des Landes betrachtet. Die Ausf\u00fchrungen b\u00fcndeln sich in einer Zusammenfassung \u00fcber die vielversprechenden Perspektiven der VILDANA-Foundation. Das Projekt wurde von Diaspora gegr\u00fcndet, die in der Schweiz leben und verfolgt das Ziel talentierte Studierende zu unterst\u00fctzen und deren Potentiale zu f\u00f6rdern. Kunushevci beschreibt die Gr\u00fcndung, die Organisation und den Erfolg dieses Projekts.<\/p>\n<p>Kunushevci warnt in seinem Buch vor dem Nichtvorhandensein eines kollektiven Bewusstseins im Kosovo. Er behandelt die Themen Egoismus und Arroganz, Demagogie und Mittelm\u00e4\u00dfigkeit, Machtmissbrauch, Diskriminierung und Ungerechtigkeit, Schw\u00e4che und Improvisation, unverantwortliche \u00f6ffentliche Kommunikation, Privilegien, die nicht auf Leistungen beruhen, die Machenschaften pseudointellektueller Akteure und elit\u00e4re Korruption, fragliche Entscheidungen von Institutionen, eine riskante Moral und primitive Mentalit\u00e4t, Hedonismus als Lebensweise und perverses Verhalten als moderne Tragikom\u00f6die sowie die Anomalien und Paradoxa des t\u00e4glichen Lebens.<\/p>\n<p>Professor Ibrahim Berisha, der das Buch rezensierte, kommentiert: &#8222;Im Kern beinhaltet das Buch eine Reihe an soziologischen Themen, betrachtet durch einen kritischen Ansatz. Damit erf\u00fcllt es ein Genre, das bisher in soziologischen Schriften im Kosovo wenig bekannt ist. Unter diesem Genre verschriftlicht der Autor ein klares und gefestigtes \u00f6ffentlich-intellektuelles Profil seiner selbst. Die Qualit\u00e4t und der Inhalt der \u00f6ffentlichen Kommunikation eines Landes ist ein Indikator f\u00fcr den Standard und den Fortschritt, und damit ein proklamiertes Ziel. Genau der Bereich der \u00f6ffentlichen Kommunikation l\u00e4sst im Kosovo viel zu w\u00fcnschen \u00fcbrig, wie dieses Buch wissenschaftlich fundiert aufzeigt. Der Autor berichtet uns von den sozialen Krisen die sich innerhalb des Wettbewerbes um Fortschritt auftuen sowie den sozial kulturellen Tendenzen. Damit liefert er einen wertvollen Beitrag zur \u00dcberwindung solcher Schwierigkeiten als eine wichtige Aufgabe, damit die B\u00fcrger des Kosovo in einer zielorientierten und idealen Gesellschaft leben k\u00f6nnen, friedlich und im Sinne wirklicher, \u00f6ffentlicher Verantwortung.&#8220;<\/p>\n<p>Der Soziologe Kunushevci er\u00f6rtert diese Themen anhand einer fundierten wissenschaftlichen Analyse in Form von Fakten, Ph\u00e4nomenen, Erfahrungen, Fallbeispielen und sozialen Realit\u00e4ten. Hierbei beweist er einen einzigartigen Schreibstil kombiniert mit seiner hohen kritischen Auffassungsgabe und vielf\u00e4ltiger Betrachtungsweise, womit er dem gespannten, kritischen und passionierten Leser einen weiten, facettenreichen Horizont er\u00f6ffnet. Der Autor schreibt auch \u00fcber die menschliche Dimension der Gesellschaft und bringt dem Leser die grundlegenden kulturellen und emanzipatorischen Werte, insbesondere Solidarit\u00e4t, Opferbereitschaft, Verantwortung, Humanismus, Kommunikation und \u00f6ffentliches Verhalten n\u00e4her und veranschaulicht dies mittels diverser Beispiele aus dem \u00f6ffentlichen Leben.<\/p>\n<p>Der Buchautor Labinot Kunushevci lebt in Prishtina. Er hat einen Masterabschluss in Fach Soziologie und arbeitet als Lehrer f\u00fcr Sozialkunde. Das Buch &#8222;Die kulturlose Gesellschaft&#8220; ist sein zweites Werk. Kunushevci ist zudem Koordinator und professioneller Repr\u00e4sentant der VILDANA-Foundation.<\/p>\n<\/div><\/section>\n","protected":false},"excerpt":{"rendered":"","protected":false},"author":2,"featured_media":0,"parent":0,"menu_order":0,"comment_status":"closed","ping_status":"closed","template":"","meta":{"footnotes":""},"class_list":["post-5319","page","type-page","status-publish","hentry"],"_links":{"self":[{"href":"https:\/\/vildana-foundation.ch\/index.php?rest_route=\/wp\/v2\/pages\/5319","targetHints":{"allow":["GET"]}}],"collection":[{"href":"https:\/\/vildana-foundation.ch\/index.php?rest_route=\/wp\/v2\/pages"}],"about":[{"href":"https:\/\/vildana-foundation.ch\/index.php?rest_route=\/wp\/v2\/types\/page"}],"author":[{"embeddable":true,"href":"https:\/\/vildana-foundation.ch\/index.php?rest_route=\/wp\/v2\/users\/2"}],"replies":[{"embeddable":true,"href":"https:\/\/vildana-foundation.ch\/index.php?rest_route=%2Fwp%2Fv2%2Fcomments&post=5319"}],"version-history":[{"count":4,"href":"https:\/\/vildana-foundation.ch\/index.php?rest_route=\/wp\/v2\/pages\/5319\/revisions"}],"predecessor-version":[{"id":5323,"href":"https:\/\/vildana-foundation.ch\/index.php?rest_route=\/wp\/v2\/pages\/5319\/revisions\/5323"}],"wp:attachment":[{"href":"https:\/\/vildana-foundation.ch\/index.php?rest_route=%2Fwp%2Fv2%2Fmedia&parent=5319"}],"curies":[{"name":"wp","href":"https:\/\/api.w.org\/{rel}","templated":true}]}}